{"id":245,"date":"2024-02-22T17:43:52","date_gmt":"2024-02-22T17:43:52","guid":{"rendered":"https:\/\/www.carucmresita.ro\/?page_id=245"},"modified":"2024-02-24T17:09:49","modified_gmt":"2024-02-24T17:09:49","slug":"extras-statut","status":"publish","type":"page","link":"https:\/\/www.carucmresita.ro\/index.php\/extras-statut\/","title":{"rendered":"Extras statut"},"content":{"rendered":"<h4>Denumirea, durata de func\u0163ionare, scopul \u015fi obiectivele casei de ajutor reciproc<\/h4>\n<p>&nbsp;<\/p>\n<ul>\n<li>ASOCIATIA CASA DE AJUTOR RECIPROC A SALARIATILOR DIN U.C.M.R. SI ALTE INSTITUTII , denumit\u0103 prescurtat <strong>C.A.R. DIN U.C.M.R. SI ALTE INSTITUTII<\/strong>, este asocia\u021bie f\u0103r\u0103 scop patrimonial constituit\u0103 \u00een vederea sprijinirii \u015fi \u00eentrajutor\u0103rii financiare a membrilor s\u0103i.<\/li>\n<li>Asociatia Casa de ajutor reciproc este constituit\u0103 prin liberul consim\u021b\u0103m\u00e2nt al membrilor.<\/li>\n<li>Asociatia Casa de ajutor reciproc este persoan\u0103 juridic\u0103 de drept privat \u015fi dob\u00e2nde\u015fte aceast\u0103 calitate \u00een momentul \u00eenregistr\u0103rii, conform legii.<\/li>\n<li>Asociatia Casa de ajutor reciproc \u00ee\u0219i poate constitui filiale, ca structuri teritoriale cu personalitate juridic\u0103 \u015fi\/sau sucursale ca structuri teritoriale f\u0103r\u0103 personalitate juridic\u0103, \u00een condi\u021biile stabilite prin lege.<\/li>\n<li>Durata de func\u0163ionare este pe termen nedeterminat.<\/li>\n<li>Asociatia Casa de ajutor reciproc folose\u015fte simbolul grafic al sistemului C.A.R. din Rom\u00e2nia, a\u015fa cum este \u00eenregistrat la O.S.I.M. de Uniunea Na\u0163ional\u0103 a Caselor de Ajutor Reciproc ale Salaria\u021bilor din Rom\u00e2nia.<\/li>\n<li>ASOCIATIA CASA DE AJUTOR RECIPROC DIN U.C.M.R.SI ALTE INSTITUTII este succesoarea Casei de Credit,Economie \u0219i Ajutor a Functionarilor \u0219i lucratorilor Societ\u0103\u021bii Uzinelor de Fier \u0219i Domeniile din Resita, infintata \u00een anul 1929 succesiune ce a fost obtinuta prin Sentin\u021ba civila nr.2354\/07.05.2002 a Judec\u0103toriei Resita.<\/li>\n<li>Asociatia Casa de Ajutor Reciproc a Salariatilor din U.C.M.R. \u0219i alte Institutii va prelua bunurile mobile, imobile \u0219i valorice care au apartinut Casei de Credit,Economie \u0219i Ajutor a Functionarilor \u0219i lucratorilor Societ\u0103\u021bii Uzinele de Fier \u0219i Domeniile din Resita.<\/li>\n<li><strong>Sediul social al Asociatia casei de ajutor reciproc este situat \u00een Resita, Piata Republicii, nr.16, judetul Caras-Severin<\/strong>.<\/li>\n<li>Scopul Asociatia casei de ajutor reciproc este de a-\u0219i sprijini membrii \u00een vederea \u00eentrajutor\u0103rii financiare a acestora.<\/li>\n<li>Asociatia Casa de ajutor reciproc este de\u021binut\u0103 de membrii s\u0103i.<br \/>\nPersoanele fizice pot deveni membri ai C.A.R. dac\u0103 \u00eendeplinesc condi\u021biile legale de aderare \u0219i subscriu s\u0103-\u0219i constituie fondul social propriu.<br \/>\nFiecare membru dispune de un vot \u00een cadrul procedurii democratice a C.A.R pe care \u00eel poate exercita direct sau prin delega\u021bi ale\u0219i.<\/li>\n<\/ul>\n<p>&nbsp;<\/p>\n<h4>Principiile de organizare, func\u0163ionare, afiliere \u015fi reprezentare al asociatia casei de ajutor reciproc<\/h4>\n<ul>\n<li>Asociatia casa de ajutor reciproc se organizeaz\u0103 de cel pu\u0163in 30 de salaria\u0163i sau alte persoane care ob\u0163in venituri de natur\u0103 salarial\u0103, prin asociere, \u00een cadrul unit\u0103\u0163ii \u00een care ace\u015ftia \u00ee\u015fi desf\u0103\u015foar\u0103 activitatea sau la nivel teritorial.<\/li>\n<li>Principiul fundamental de organizare \u015fi func\u0163ionare al C.A.R. este independen\u0163a \u00een raporturile cu alte organiza\u0163ii ob\u015fte\u015fti, organiza\u0163ii politice, sindicate, organe economice, de stat sau administrative<\/li>\n<li>Asociatia casa de ajutor reciproc \u00ee\u015fi desf\u0103\u015foar\u0103 activitatea pe baza statutului propriu, aprobat de adunarea general\u0103 (conferin\u0163a) membrilor C.A.R., cu respectarea Legii nr.122\/1996, cu modific\u0103rile \u015fi complet\u0103rile ulterioare, a Ordonan\u0163ei Guvernului nr.26\/2000 privind asocia\u0163iile \u015fi funda\u0163iile \u015fi a altor reglement\u0103ri legale \u00een domeniu.<\/li>\n<li>Asociatia casa de ajutor reciproc este reprezentat\u0103 la nivel teritorial de Uniunea jude\u0163ean\u0103, iar la nivel na\u0163ional \u015fi interna\u0163ional de Uniunea Na\u0163ional\u0103.<\/li>\n<li>Asociatia casa de ajutor reciproc este reprezentat\u0103, \u00een rela\u021biile cu institu\u021biile statului, institu\u021biile bancare \u0219i alte institu\u021bii prin semn\u0103tura pre\u0219edintelui sau a conduc\u0103torului executiv.<\/li>\n<\/ul>\n<p>&nbsp;<\/p>\n<h4>Membrii asociatia casei de ajutor reciproc<\/h4>\n<ul>\n<li>Membri ai Asociatia casei de ajutor reciproc pot fi salaria\u0163i sau alte persoane care ob\u0163in venituri de natur\u0103 salarial\u0103, f\u0103r\u0103 deosebire de na\u0163ionalitate, sex, v\u00e2rst\u0103, convingeri politice sau religioase.<\/li>\n<li>Persoanelor fizice care doresc s\u0103 devin\u0103 membri li se pune la dispozi\u0163ie statutul propriu, dup\u0103 care vor completa cererea de \u00eenscriere prin care se angajeaz\u0103 s\u0103 respecte \u00een totalitate prevederile acestuia. Cererea se discut\u0103 \u015fi se aprob\u0103 de c\u0103tre persoanele cu atribu\u0163ii \u00een acest sens \u00een cursul lunii respective.<\/li>\n<li>Membrii care se pensioneaz\u0103 pot activa pe timp nelimitat ca membri ai casei de ajutor reciproc, bucur\u00e2ndu-se de toate drepturile dob\u00e2ndite.<\/li>\n<li>\u015eomerii nu pot deveni membri ai Asociatia C.A.R., \u00een schimb, cei care au calitatea de membri \u015fi devin \u015fomeri pot activa \u00een continuare, av\u00e2nd toate drepturile \u015fi obliga\u0163iile prev\u0103zute de statut.<\/li>\n<li>Fiecare membru se poate retrage din Asociatia casa de ajutor reciproc printr-o cerere scris\u0103, dup\u0103 achitarea \u00eemprumutului sau a altor datorii ce le are fa\u021b\u0103 de cas\u0103 \u00een calitate de titular sau de girant, dup\u0103 caz. Cererea se analizeaz\u0103 de persoanele cu atribu\u0163ii \u00een acest sens, iar decizia acestora va fi comunicat\u0103 \u00een termen de cel mult o lun\u0103 de la data primirii. Restituirea fondului social se poate efectua \u00eentr-un termen de p\u00e2n\u0103 la 15 luni, conform hot\u0103r\u00e2rii adun\u0103rii generale (conferin\u021bei) \u0219i \u00een func\u021bie de posibilit\u0103\u021bile financiare ale casei.<\/li>\n<li>Cererile de retragere a fondului social se \u00eenregistreaz\u0103 \u00een eviden\u021ba Asociatia casei de ajutor reciproc \u00een ordinea lor cronologic\u0103; \u00een acela\u0219i mod se efectueaz\u0103 \u0219i plata acestora, orice alt\u0103 form\u0103 de prioritizare preferen\u021bial\u0103 fiind de natur\u0103 a atrage r\u0103spunderea persoanelor decidente. Calitatea de membru \u00eenceteaz\u0103 la momentul aprob\u0103rii cererii de retragere.<\/li>\n<li>\u00cen cazul decesului membrului, calitatea de membru \u00eenceteaz\u0103, toate drepturile titularilor se restituie mo\u015ftenitorilor legali, la cererea acestora, cu prezentarea de documente justificative \u00een acest sens, dup\u0103 ce s-au re\u0163inut datoriile c\u0103tre cas\u0103. \u00cen situa\u0163ia \u00een care datoria r\u0103mas\u0103 nu poate fi acoperit\u0103 din fondul social, recuperarea diferen\u0163ei se va face conform legii.<\/li>\n<li>\u00cen cazul \u00een care mo\u0219tenitorii legali nu se prezint\u0103 la Asociatia C.A.R. \u00eentr- un termen de 36 de luni de la data intervenirii decesului, ace\u0219tia sunt dec\u0103zu\u021bi din dreptul de a solicita restituirea fondului social, iar crean\u021ba reprezent\u00e2nd fondul social al membrului decedat se poate prescrie.<\/li>\n<\/ul>\n","protected":false},"excerpt":{"rendered":"<p>Denumirea, durata de func\u0163ionare, scopul \u015fi obiectivele casei de ajutor reciproc &nbsp; ASOCIATIA CASA DE AJUTOR RECIPROC A SALARIATILOR DIN U.C.M.R. SI ALTE INSTITUTII , denumit\u0103 prescurtat C.A.R. DIN U.C.M.R. SI ALTE INSTITUTII, este asocia\u021bie f\u0103r\u0103 scop patrimonial constituit\u0103 \u00een vederea sprijinirii \u015fi \u00eentrajutor\u0103rii financiare a membrilor s\u0103i. Asociatia Casa de ajutor reciproc este constituit\u0103 &hellip;<br \/><a href=\"https:\/\/www.carucmresita.ro\/index.php\/extras-statut\/\" class=\"more-link pen_button pen_element_default pen_icon_arrow_double\">Continu\u0103 lectura <span class=\"screen-reader-text\">Extras statut<\/span><\/a><\/p>\n","protected":false},"author":1,"featured_media":0,"parent":0,"menu_order":0,"comment_status":"closed","ping_status":"closed","template":"","meta":{"footnotes":""},"class_list":["post-245","page","type-page","status-publish","hentry"],"_links":{"self":[{"href":"https:\/\/www.carucmresita.ro\/index.php\/wp-json\/wp\/v2\/pages\/245","targetHints":{"allow":["GET"]}}],"collection":[{"href":"https:\/\/www.carucmresita.ro\/index.php\/wp-json\/wp\/v2\/pages"}],"about":[{"href":"https:\/\/www.carucmresita.ro\/index.php\/wp-json\/wp\/v2\/types\/page"}],"author":[{"embeddable":true,"href":"https:\/\/www.carucmresita.ro\/index.php\/wp-json\/wp\/v2\/users\/1"}],"replies":[{"embeddable":true,"href":"https:\/\/www.carucmresita.ro\/index.php\/wp-json\/wp\/v2\/comments?post=245"}],"version-history":[{"count":14,"href":"https:\/\/www.carucmresita.ro\/index.php\/wp-json\/wp\/v2\/pages\/245\/revisions"}],"predecessor-version":[{"id":335,"href":"https:\/\/www.carucmresita.ro\/index.php\/wp-json\/wp\/v2\/pages\/245\/revisions\/335"}],"wp:attachment":[{"href":"https:\/\/www.carucmresita.ro\/index.php\/wp-json\/wp\/v2\/media?parent=245"}],"curies":[{"name":"wp","href":"https:\/\/api.w.org\/{rel}","templated":true}]}}