{"id":30,"date":"2023-06-26T14:15:45","date_gmt":"2023-06-26T14:15:45","guid":{"rendered":"https:\/\/www.carucmresita.ro\/?page_id=30"},"modified":"2024-02-22T17:34:25","modified_gmt":"2024-02-22T17:34:25","slug":"informatii","status":"publish","type":"page","link":"https:\/\/www.carucmresita.ro\/index.php\/informatii\/","title":{"rendered":"Informatii utile"},"content":{"rendered":"<h4>AVANTAJELE \u00ceMPRUMUTURILOR ACORDATE PRIN C.A.R.<\/h4>\n<p>\u00cemprumutul cu dob\u00e2nd\u0103 (creditul), a ap\u0103rut cu foarte mult timp \u00een urm\u0103, din necesitatea de a ajuta o persoan\u0103 fizic\u0103 s\u0103-\u015fi rezolve o situa\u0163ie financiar\u0103, ivit\u0103 la un moment dat, c\u0103reia cu surse proprii, nu i se poate face fa\u0163\u0103.<br \/>\nA te \u00eemprumuta nu este r\u0103u! Se \u00eemprumut\u0103 statele, unit\u0103\u0163ile economice, oamenii de afaceri, etc. Important este modul \u00een care este folosit \u00eemprumutul \u015fi garantarea restituirii lui la termen.<\/p>\n<p>Definind, putem spune c\u0103 \u00eemprumutul este o categorie economic\u0103 menit\u0103 s\u0103 contribuie la progresul economic al societ\u0103\u0163ii \u00een general \u015fi al cet\u0103\u0163eanului \u00een special. Fondurile din care se fac \u00eemprumuturile, sunt proprietatea membrilor, constituite \u00een decursul anilor din depuneri ini\u0163iale, contribu\u0163ii lunare, taxe \u015fi din venitul net repartizat la finele anului, membrilor CAR.<\/p>\n<p>&nbsp;<\/p>\n<h4>CE TREBUIE S\u0102 \u015eTIM LA SOLICITAREA UNUI \u00ceMPRUMUT ?<\/h4>\n<p>Cunoa\u015fterea exact\u0103 a posibilit\u0103\u0163ilor de restituire a \u00eemprumutului la termenele din contract.<br \/>\nBanii se c\u00ee\u015ftig\u0103 foarte greu \u015fi se cheltuiesc extrem de u\u015for.<br \/>\nCunoa\u015fterea prevederilor contractului de \u00eemprumut.<br \/>\nImprumutul trebuie garantat cu giran\u0163i \u015fi (sau) cu bunuri imobiliare.<br \/>\nNerestituirea \u00eemprumutului la termen se penalizeaz\u0103 pentru fiecare zi de \u00eent\u00e2rziere.<br \/>\nImprumuturile restante se recupereaz\u0103 de la giran\u0163ii acestora, prin executorul judec\u0103toresc. CAR-ul nu dore\u015fte s\u0103 ajung\u0103 \u00een instan\u0163ele de judecat\u0103 cu membri s\u0103i, dar pentru recuperarea banilor \u00eemprumuta\u0163i va uza de toate mijloacele legale.<\/p>\n<p>&nbsp;<\/p>\n<h4>R\u0102SPUNDEM PRIN URM\u0102TOARELE<\/h4>\n<p>Prin diversificarea serviciilor oferite (cet\u0103\u0163eanul beneficiind \u00een acela\u015fi loc de \u00eemprumuturi normale, \u00eemprumuturi de urgen\u0163\u0103, \u00eemprumuturi pe termen scurt, \u00eemprumuturi pe termen mediu, fonduri speciale (ocazionale), diverse opera\u0163iuni prin fondul curent).<br \/>\nPrin dob\u00e2nda care este mult mai mic\u0103 fa\u0163\u0103 de dob\u00e2nda practicat\u0103 de orice banc\u0103 la astfel de \u00eemprumuturi.<br \/>\nPrin formularistic\u0103 simpl\u0103 \u015fi u\u015for de completat (toate formularele se asigur\u0103 \u00een mod gratuit de CAR).<br \/>\nPrin operativitate (\u00eemprumuturile se acord\u0103 \u00een luna \u00een care se solicit\u0103, iar \u00een anumite situa\u0163ii, \u00een termen de 1- 5 zile de la solicitare, sau chiar pe loc).<br \/>\nPrin condi\u0163ii simple de retragere sau transfer.<br \/>\nPrin acordarea unei p\u0103r\u0163i din excedentul ob\u0163inut la finele anului de CAR, fiec\u0103rui membru, propor\u0163ional cu fondul social de care dispune.<br \/>\nPrin garantarea fondurilor depuse (fondurile se restituie integral calculate la zi, oric\u00eend, la cererea membrului CAR).<br \/>\nCAR nu percepe niciun fel de comision asupra opera\u0163iunilor efectuate \u00een fi\u015fa personal\u0103 a membrului s\u0103u.<\/p>\n","protected":false},"excerpt":{"rendered":"<p>AVANTAJELE \u00ceMPRUMUTURILOR ACORDATE PRIN C.A.R. \u00cemprumutul cu dob\u00e2nd\u0103 (creditul), a ap\u0103rut cu foarte mult timp \u00een urm\u0103, din necesitatea de a ajuta o persoan\u0103 fizic\u0103 s\u0103-\u015fi rezolve o situa\u0163ie financiar\u0103, ivit\u0103 la un moment dat, c\u0103reia cu surse proprii, nu i se poate face fa\u0163\u0103. A te \u00eemprumuta nu este r\u0103u! Se \u00eemprumut\u0103 statele, unit\u0103\u0163ile &hellip;<br \/><a href=\"https:\/\/www.carucmresita.ro\/index.php\/informatii\/\" class=\"more-link pen_button pen_element_default pen_icon_arrow_double\">Continu\u0103 lectura <span class=\"screen-reader-text\">Informatii utile<\/span><\/a><\/p>\n","protected":false},"author":1,"featured_media":0,"parent":0,"menu_order":0,"comment_status":"closed","ping_status":"closed","template":"","meta":{"footnotes":""},"class_list":["post-30","page","type-page","status-publish","hentry"],"_links":{"self":[{"href":"https:\/\/www.carucmresita.ro\/index.php\/wp-json\/wp\/v2\/pages\/30","targetHints":{"allow":["GET"]}}],"collection":[{"href":"https:\/\/www.carucmresita.ro\/index.php\/wp-json\/wp\/v2\/pages"}],"about":[{"href":"https:\/\/www.carucmresita.ro\/index.php\/wp-json\/wp\/v2\/types\/page"}],"author":[{"embeddable":true,"href":"https:\/\/www.carucmresita.ro\/index.php\/wp-json\/wp\/v2\/users\/1"}],"replies":[{"embeddable":true,"href":"https:\/\/www.carucmresita.ro\/index.php\/wp-json\/wp\/v2\/comments?post=30"}],"version-history":[{"count":1,"href":"https:\/\/www.carucmresita.ro\/index.php\/wp-json\/wp\/v2\/pages\/30\/revisions"}],"predecessor-version":[{"id":243,"href":"https:\/\/www.carucmresita.ro\/index.php\/wp-json\/wp\/v2\/pages\/30\/revisions\/243"}],"wp:attachment":[{"href":"https:\/\/www.carucmresita.ro\/index.php\/wp-json\/wp\/v2\/media?parent=30"}],"curies":[{"name":"wp","href":"https:\/\/api.w.org\/{rel}","templated":true}]}}