{"id":38,"date":"2023-06-26T14:30:22","date_gmt":"2023-06-26T14:30:22","guid":{"rendered":"https:\/\/www.carucmresita.ro\/?page_id=38"},"modified":"2024-07-09T10:40:25","modified_gmt":"2024-07-09T10:40:25","slug":"tipuri-de-imprumuturi","status":"publish","type":"page","link":"https:\/\/www.carucmresita.ro\/index.php\/tipuri-de-imprumuturi\/","title":{"rendered":"Tipuri de imprumuturi"},"content":{"rendered":"<h4>\u00ceNSCRIEREA DE NOI MEMBRI<\/h4>\n<ul>\n<li>Se face pe baza cererii de \u00eenscriere completat\u0103 de fiecare persoan\u0103 care are calitatea de salariat sau pensionar.<\/li>\n<li>Taxa de \u00eenscriere este 20 lei \u015fi se pl\u0103te\u015fte o singur\u0103 dat\u0103. Aceasta constituie aport ini\u0163ial al fiec\u0103rui membru la patrimoniul CAR. Se pot re\u00eenscrie \u015fi fo\u015ftii membrii CAR care s-au retras dintr-un motiv sau altul. Pentru ace\u015ftia taxa de \u00eenscriere este dubl\u0103. Contribu\u0163ia lunar\u0103 la fondul social al fiec\u0103rui membru CAR este de minim 32 lei (30 lei cotiza\u021bie \u0219i 2 lei fond de deces) \u015fi maxim 1.000 lei.<\/li>\n<li>O data pe an se poate depune suplimentar p\u00e2n\u0103 la 12.000 lei,\u00a0 cu aprobarea Consiliului Director.<\/li>\n<\/ul>\n<p>&nbsp;<\/p>\n<h4>\u00ceMPRUMUTURI TRADI\u021aIONALE<\/h4>\n<ul>\n<li>Rezultatele financiare ob\u021binute pe baza indicatorilor de performan\u021b\u0103, relev\u0103 c\u0103 an de an, casa a avut o evolu\u021bie ascendent\u0103, oferind membrilor s\u0103i servicii de calitate.<\/li>\n<li>Acordarea \u00eemprumutului este de maxim 4 ori fondul social acumulat.<\/li>\n<li>Perioada maxim\u0103 de restituire a \u00eemprumutului este de 60 de luni.<\/li>\n<li>Dob\u00e2nda nominal\u0103 este de 15% pe an.<\/li>\n<li>DAE este \u00eentre 16,07% la suma maxim\u0103 de 48.000 lei.<\/li>\n<li>Garantarea \u00eemprumutului se face prin giran\u021bi si fondul social.<\/li>\n<\/ul>\n<p>&nbsp;<\/p>\n<h4>\u00ceMPRUMUTURI PE TERMEN SCURT \u015eI MEDIU<\/h4>\n<ul>\n<li>Sumele care se acord\u0103 ca \u00eemprumut se stabilesc \u00een func\u0163ie de veniturile membrului CAR care solicit\u0103 \u00eemprumutul, num\u0103rul de rate, num\u0103rul de giran\u0163i sau alte garan\u0163ii.<\/li>\n<li>Durata pentru care se acord\u0103 \u00eemprumut pe termen scurt este de 1-9 luni.<\/li>\n<li>Durata pentru care se acord\u0103 \u00eemprumut pe termen mediu este de 9-24 luni.<\/li>\n<li>Acordarea \u00eemprumutului pe termen scurt \u0219i mediu, mai mare de 9 luni se va face cu aprobarea Consiliului Director \u0219i a Biroului Executiv al CAR, \u00een func\u0163ie de veniturile si garan\u0163ia prezentat\u0103 de beneficiarul de credit.<\/li>\n<li>\u00centre 1000 \u2013 3000 lei \u00eemprumut pe termen scurt pe perioada de 1-9 luni.<\/li>\n<li>\u00centre 4000 \u2013 7000 lei \u00eemprumut pe termen mediu pe perioada de 9-24 luni.<\/li>\n<li>Valoare maxim\u0103 \u00eemprumut: 48.000 lei pe o perioad\u0103 de maxim 60 de luni.<\/li>\n<li>Dob\u00e2nda nominal\u0103 este 18% pe an.<\/li>\n<li>Dob\u00e2nda real\u0103 este de 10,5 % pe an.<\/li>\n<li>DAE este de 19,56% la suma maxim\u0103 de 48.000 lei.<\/li>\n<\/ul>\n<p>&nbsp;<\/p>\n<h4>\u00ceMPRUMUTURI DIVERSIFICATE<\/h4>\n<ul>\n<li>Simplu, eficient, f\u0103r\u0103 comisioane, f\u0103r\u0103 costuri.<\/li>\n<li>Rate lunare egale pe toat\u0103 perioada creditului.<\/li>\n<li>Perioada maxim\u0103 de restituire este de 60 de luni.<\/li>\n<li>Dobanda nominal\u0103 18% pe an.<\/li>\n<li>DAE este de 19,56% la suma maxim\u0103 de 48.000 lei.<\/li>\n<li>Garantarea \u00eemprumutului se face prin giran\u021bi \u0219i fond social.<\/li>\n<li>Rapiditate \u00een ob\u021binerea \u00eemprumutului.<\/li>\n<\/ul>\n<p>&nbsp;<\/p>\n<h4>AJUTOR DE DECES<\/h4>\n<p>Beneficiaz\u0103 mo\u0219tenitorii legali ai membrilor care:<\/p>\n<ul>\n<li>Au efectuat lunar depuneri la fondul social.<\/li>\n<li>Au achitat lunar contribu\u021bia pentru ajutorul de deces.<\/li>\n<li>Acest ajutor este nerambursabil.<\/li>\n<\/ul>\n<p>Contributie \/ Suma acordata<\/p>\n<ul>\n<li>1-12 luni: 500 lei<\/li>\n<li>13-24 luni: 600 lei<\/li>\n<li>25-36 luni: 1.000 lei<\/li>\n<li>Peste 36 luni: 1.200 lei<\/li>\n<\/ul>\n","protected":false},"excerpt":{"rendered":"<p>\u00ceNSCRIEREA DE NOI MEMBRI Se face pe baza cererii de \u00eenscriere completat\u0103 de fiecare persoan\u0103 care are calitatea de salariat sau pensionar. Taxa de \u00eenscriere este 20 lei \u015fi se pl\u0103te\u015fte o singur\u0103 dat\u0103. Aceasta constituie aport ini\u0163ial al fiec\u0103rui membru la patrimoniul CAR. Se pot re\u00eenscrie \u015fi fo\u015ftii membrii CAR care s-au retras dintr-un &hellip;<br \/><a href=\"https:\/\/www.carucmresita.ro\/index.php\/tipuri-de-imprumuturi\/\" class=\"more-link pen_button pen_element_default pen_icon_arrow_double\">Continu\u0103 lectura <span class=\"screen-reader-text\">Tipuri de imprumuturi<\/span><\/a><\/p>\n","protected":false},"author":1,"featured_media":0,"parent":0,"menu_order":0,"comment_status":"closed","ping_status":"closed","template":"","meta":{"footnotes":""},"class_list":["post-38","page","type-page","status-publish","hentry"],"_links":{"self":[{"href":"https:\/\/www.carucmresita.ro\/index.php\/wp-json\/wp\/v2\/pages\/38","targetHints":{"allow":["GET"]}}],"collection":[{"href":"https:\/\/www.carucmresita.ro\/index.php\/wp-json\/wp\/v2\/pages"}],"about":[{"href":"https:\/\/www.carucmresita.ro\/index.php\/wp-json\/wp\/v2\/types\/page"}],"author":[{"embeddable":true,"href":"https:\/\/www.carucmresita.ro\/index.php\/wp-json\/wp\/v2\/users\/1"}],"replies":[{"embeddable":true,"href":"https:\/\/www.carucmresita.ro\/index.php\/wp-json\/wp\/v2\/comments?post=38"}],"version-history":[{"count":6,"href":"https:\/\/www.carucmresita.ro\/index.php\/wp-json\/wp\/v2\/pages\/38\/revisions"}],"predecessor-version":[{"id":376,"href":"https:\/\/www.carucmresita.ro\/index.php\/wp-json\/wp\/v2\/pages\/38\/revisions\/376"}],"wp:attachment":[{"href":"https:\/\/www.carucmresita.ro\/index.php\/wp-json\/wp\/v2\/media?parent=38"}],"curies":[{"name":"wp","href":"https:\/\/api.w.org\/{rel}","templated":true}]}}