{"id":56,"date":"2023-06-26T14:58:11","date_gmt":"2023-06-26T14:58:11","guid":{"rendered":"https:\/\/www.carucmresita.ro\/?page_id=56"},"modified":"2024-10-07T13:39:28","modified_gmt":"2024-10-07T13:39:28","slug":"documente","status":"publish","type":"page","link":"https:\/\/www.carucmresita.ro\/index.php\/documente\/","title":{"rendered":"Documente"},"content":{"rendered":"<div class=\"divTable infotable\">\n<div class=\"divTableBody\">\n<div class=\"divTableRow\">\n<div class=\"divTableCell\">\ud83d\udec8 Documentele de mai jos sunt in format\u00a0<strong><a href=\"https:\/\/get.adobe.com\/reader\/\">PDF<\/a><\/strong>.\u00a0Aveti nevoie de\u00a0<a href=\"https:\/\/get.adobe.com\/reader\/\">Adobe Reader<\/a> instalat pe calculatorul dvs.<\/div>\n<\/div>\n<\/div>\n<\/div>\n<p>&nbsp;<\/p>\n<p><a href=\"https:\/\/www.carucmresita.ro\/wp-content\/uploads\/carucmr-adeverinta-venit.pdf\" target=\"_blank\" rel=\"noopener\">Adeverint\u0103 de venit<\/a><br \/>\n<a href=\"https:\/\/www.carucmresita.ro\/wp-content\/uploads\/carucmr-cerere-imprumut.pdf\" target=\"_blank\" rel=\"noopener\">Cerere \u00eemprumut<\/a><br \/>\n<a href=\"https:\/\/www.carucmresita.ro\/wp-content\/uploads\/carucmr-cerere-inscriere.pdf\" target=\"_blank\" rel=\"noopener\">Cerere \u00eenscriere<\/a><br \/>\n<a href=\"https:\/\/www.carucmresita.ro\/wp-content\/uploads\/carucmr-cerere-retragere.pdf\" target=\"_blank\" rel=\"noopener\">Cerere retragere<\/a><br \/>\n<a href=\"https:\/\/www.carucmresita.ro\/wp-content\/uploads\/carucmr-declaratie-de-consimtamant.pdf\" target=\"_blank\" rel=\"noopener\">Declara\u021bie de consim\u021b\u0103m\u00e2nt<\/a><br \/>\n<a href=\"https:\/\/www.carucmresita.ro\/wp-content\/uploads\/carucmr-formular-date-personale-girant.pdf\" target=\"_blank\" rel=\"noopener\">Formular date personale girant<\/a><\/p>\n","protected":false},"excerpt":{"rendered":"<p>\ud83d\udec8 Documentele de mai jos sunt in format\u00a0PDF.\u00a0Aveti nevoie de\u00a0Adobe Reader instalat pe calculatorul dvs. &nbsp; Adeverint\u0103 de venit Cerere \u00eemprumut Cerere \u00eenscriere Cerere retragere Declara\u021bie de consim\u021b\u0103m\u00e2nt Formular date personale girant<\/p>\n","protected":false},"author":1,"featured_media":0,"parent":0,"menu_order":0,"comment_status":"closed","ping_status":"closed","template":"","meta":{"footnotes":""},"class_list":["post-56","page","type-page","status-publish","hentry"],"_links":{"self":[{"href":"https:\/\/www.carucmresita.ro\/index.php\/wp-json\/wp\/v2\/pages\/56","targetHints":{"allow":["GET"]}}],"collection":[{"href":"https:\/\/www.carucmresita.ro\/index.php\/wp-json\/wp\/v2\/pages"}],"about":[{"href":"https:\/\/www.carucmresita.ro\/index.php\/wp-json\/wp\/v2\/types\/page"}],"author":[{"embeddable":true,"href":"https:\/\/www.carucmresita.ro\/index.php\/wp-json\/wp\/v2\/users\/1"}],"replies":[{"embeddable":true,"href":"https:\/\/www.carucmresita.ro\/index.php\/wp-json\/wp\/v2\/comments?post=56"}],"version-history":[{"count":9,"href":"https:\/\/www.carucmresita.ro\/index.php\/wp-json\/wp\/v2\/pages\/56\/revisions"}],"predecessor-version":[{"id":383,"href":"https:\/\/www.carucmresita.ro\/index.php\/wp-json\/wp\/v2\/pages\/56\/revisions\/383"}],"wp:attachment":[{"href":"https:\/\/www.carucmresita.ro\/index.php\/wp-json\/wp\/v2\/media?parent=56"}],"curies":[{"name":"wp","href":"https:\/\/api.w.org\/{rel}","templated":true}]}}