{"id":79,"date":"2023-06-26T17:36:58","date_gmt":"2023-06-26T17:36:58","guid":{"rendered":"https:\/\/www.carucmresita.ro\/?page_id=79"},"modified":"2026-02-09T17:09:52","modified_gmt":"2026-02-09T17:09:52","slug":"politica-de-folosire-a-cookie-urilor","status":"publish","type":"page","link":"https:\/\/www.carucmresita.ro\/index.php\/politica-de-folosire-a-cookie-urilor\/","title":{"rendered":"Politica de folosire a cookie-urilor"},"content":{"rendered":"<h5><span style=\"font-size: 12pt;\">1. Introducere<\/span><\/h5>\n<p>Prezenta Politic\u0103 de folosire a cookie-urilor privind fi\u0219ierele de tip cookie se aplic\u0103 tuturor utilizatorilor site-ului www.carucmresita.ro. Informa\u021biile prezentate \u00een continuare au ca scop informarea utilizatorilor acestui website cu privire la plasarea, utilizarea \u0219i administrarea cookie-urilor de c\u0103tre CAR UCMR Resita \u00een contextul navig\u0103rii utilizatorilor pe paginile site-ului de internet.<\/p>\n<h5><span style=\"font-size: 12pt;\">2. Ce sunt cookie-urile?<\/span><\/h5>\n<p>Folosim termenul \u201ecookie\u201d-uri pentru a ne referi la modulele cookie \u0219i la tehnologiile similare prin intermediul c\u0103rora pot fi colectate informa\u021bii \u00een mod automat.<br \/>\nUn \u201eInternet Cookie\u201d (termen cunoscut \u0219i sub denumirea de \u201ebrowser cookie\u201d sau \u201eHTTP cookie\u201d ori \u201ecookie\u201d) reprezint\u0103 un fi\u0219ier de mici dimensiuni, format din litere \u0219i numere, care va fi stocat pe computerul, terminalul mobil sau pe alte echipamente ale unui utilizator prin intermediul c\u0103rora se acceseaz\u0103 internetul.<br \/>\nCookie-urile sunt instalate prin solicitarea emis\u0103 de un web-server c\u0103tre un browser (de ex.: Internet Explorer, Firefox, Chrome). Cookie-urile odat\u0103 instalate au o durat\u0103 de existen\u021b\u0103 determinat\u0103, r\u0103m\u00e2n\u00e2nd \u201epasive\u201d, \u00een sensul c\u0103 nu con\u021bin programe software, viru\u0219i sau spyware \u0219i nu vor accesa informa\u021biile de pe hard driverul utilizatorului pe al c\u0103rui echipament au fost instalate.<br \/>\nUn cookie este format din dou\u0103 p\u0103r\u021bi: numele cookie-ului \u0219i con\u021binutul sau valoarea cookie-ului.<br \/>\nDin punct de vedere tehnic, doar web-serverul care a trimis cookie-ul \u00eel poate accesa din nou \u00een momentul \u00een care un utilizator se \u00eentoarce pe pagina de internet asociat\u0103 web-serverului respectiv.<\/p>\n<h5><span style=\"font-size: 12pt;\">3. Pentru ce scopuri sunt utilizate cookie-urile prin intermediul acestei pagini de internet:<\/span><\/h5>\n<p>Cookie-urile sunt utilizate pentru a furniza utilizatorilor acestei pagini de internet o experien\u021b\u0103 mai bun\u0103 de navigare \u0219i servicii adaptate nevoilor \u0219i interesului fiec\u0103rui utilizator \u00een parte \u0219i anume pentru:<\/p>\n<ul>\n<li>\u00eembun\u0103t\u0103\u021birea utiliz\u0103rii acestei pagini de internet, inclusiv prin identificarea oric\u0103ror erori care apar \u00een timpul vizit\u0103rii\/utiliz\u0103rii acesteia de c\u0103tre utilizatori;<\/li>\n<li>furnizarea de statistici anonime cu privire la modul \u00een care este utilizat\u0103 aceast\u0103 pagin\u0103 de internet c\u0103tre Casa de Ajutor Reciproc Casa Banilor \u00een calitate de de\u021bin\u0103tor al acestei pagini de internet;<\/li>\n<li>anticiparea unor eventuale bunuri care vor fi \u00een viitor puse la dispozi\u021bia utilizatorilor prin intermediul acestei pagini de internet, \u00een func\u021bie de serviciile \/ produsele accesate.<\/li>\n<\/ul>\n<p>Pe baza feedback-ului transmis prin cookie-uri \u00een leg\u0103tur\u0103 cu modul \u00een care se utilizeaz\u0103 aceast\u0103 pagin\u0103 de internet, CAR UCMR Resita poate adopta m\u0103suri pentru ca aceast\u0103 pagin\u0103 de internet s\u0103 fie mai eficient\u0103 \u0219i mai accesibil\u0103 pentru utilizatori.<\/p>\n<h5><span style=\"font-size: 12pt;\">4. Care este durata de via\u021b\u0103 a cookie-urilor?<\/span><\/h5>\n<p>Durata de via\u021b\u0103 a cookie-urilor poate varia semnificativ, depinz\u00e2nd de scopul pentru care este plasat. Exist\u0103 urm\u0103toarele categorii de cookie-uri care determin\u0103 \u0219i durata de via\u021b\u0103 a acestora:<\/p>\n<ul>\n<li>Cookie-uri de sesiune \u2013 Un \u201ecookie de sesiune\u201d este un cookie care este \u0219ters automat c\u00e2nd utilizatorul \u00ee\u0219i \u00eenchide browserul.<\/li>\n<li>Cookie-uri persistente sau fixe \u2013 Un \u201ecookie persistent\u201d sau \u201efix\u201d este un cookie care r\u0103m\u00e2ne stocat \u00een terminalul utilizatorului p\u00e2n\u0103 c\u00e2nd atinge o anumit\u0103 dat\u0103 de expirare (care poate fi \u00een c\u00e2teva minute, zile sau c\u00e2\u021biva ani \u00een viitor) sau p\u00e2n\u0103 la \u0219tegerea acestuia de c\u0103tre utilizator \u00een orice moment prin intermediul set\u0103rilor browserului.<\/li>\n<\/ul>\n<h5><span style=\"font-size: 12pt;\">5. Ce sunt cookie-urile plasate de ter\u021bi?<\/span><\/h5>\n<p>Anumite sec\u021biuni de con\u021binut de pe pagina de internet pot fi furnizate prin intermediul unor ter\u021bi, adic\u0103 nu de c\u0103tre CAR UCMR Resita, caz \u00een care aceste cookie-uri sunt denumite cookie-uri plasate de ter\u021bi (\u201ethird party cookie-uri\u201d).<br \/>\nTer\u021bii furnizori ai cookie-urilor trebuie s\u0103 respecte, de asemenea, politica de folosire a cookie-urilor \u0219i regulile \u00een materie de protec\u021bie a datelor \u0219i Politica de Confiden\u021bialitate. Mai multe informa\u021bii despre politica de confident\u021bialitate de la urm\u0103torii ter\u021bi:<\/p>\n<p>Google Analytics &#8211; pute\u021bi citi pe pagina <a href=\"https:\/\/policies.google.com\/privacy\" target=\"_blank\" rel=\"noopener noreferrer\">Politicii de Confiden\u021bialitate Google<\/a><\/p>\n<p>TOATE ACESTE DATE SUNT CRIPTATE.<\/p>\n<h5><span style=\"font-size: 12pt;\">6. Ce cookie-uri sunt folosite prin intermediul acestui site:<\/span><\/h5>\n<p>Prin utilizarea\/vizitarea unei pagini de internet pot fi plasate urm\u0103toarele cookie-uri:<\/p>\n<p>a. Cookie-uri de performan\u021b\u0103 a paginii de internet;<br \/>\nb. Cookie-uri de analiz\u0103 a utilizatorilor;<br \/>\nc. Cookie-uri pentru geotargetting;<br \/>\nd. Cookie-uri de \u00eenregistrare.<\/p>\n<p>a. Cookie-uri de performan\u021b\u0103<\/p>\n<p>Prin acest tip de cookie-uri sunt memorate preferin\u021bele utilizatorului acestei pagini de internet, astfel \u00eenc\u00e2t setarea din nou a preferin\u021belor \u00een cazul vizit\u0103rii ulterioare a paginii de internet nu mai este necesar\u0103.<\/p>\n<p>b. Cookie-uri de analiz\u0103 a utilizatorilor<\/p>\n<p>Aceste cookie-uri ne informeaz\u0103 dac\u0103 un anumit utilizator al paginii de internet a mai vizitat\/utilizat aceast\u0103 pagin\u0103 de internet anterior. Aceste cookie-uri sunt utilizate doar \u00een scopuri statistice.<\/p>\n<p>c. Cookie-uri pentru geotargetting<\/p>\n<p>Aceste cookie-uri sunt utilizate de c\u0103tre un soft care stabile\u0219te \u021bara de provenien\u021b\u0103 a utilizatorului paginii de internet. Vor fi primite acelea\u0219i reclame indiferent de limba selectat\u0103.<\/p>\n<p>d. Cookie-uri pentru \u00eenregistrare<\/p>\n<p>Atunci c\u00e2nd v\u0103 \u00eenregistra\u021bi pe acest site, se genereaz\u0103 cookie-uri care memoreaz\u0103 acest demers. Serverele utilizeaz\u0103 aceste cookie-uri pentru a ne ar\u0103ta contul cu care sunte\u021bi \u00eenregistrat. De asemenea, utilizarea acestor cookie-uri permite s\u0103 asociem orice comentariu postat pe pagina de internet cu username-ul contului folosit. \u00cen cazul \u00een care nu a fost selectat\u0103 op\u021biunea \u201ep\u0103streaz\u0103-m\u0103 \u00eenregistrat\u201d, aceste cookie-uri se vor \u0219terge automat la momentul termin\u0103rii sesiunii de navigare. Momentan, posibilitatea pentru ad\u0103ugarea de comentarii \u0219i \u00eenregistrarea pe site nu sunt disponibile.<\/p>\n<h5><span style=\"font-size: 12pt;\">7. Particularizarea set\u0103rile browserului \u00een ceea ce prive\u0219te cookie-urile<\/span><\/h5>\n<p>\u00cen cazul \u00een care utilizarea cookie-urilor nu este deranjant\u0103, iar calculatorul sau echipamentul tehnic utilizat pentru navigarea pe aceast\u0103 pagin\u0103 de internet este folosit doar de c\u0103tre dumneavoastr\u0103, pot fi setate termene lungi de expirare pentru stocrarea istoricului de navigare.<br \/>\n\u00cen cazul \u00een care calculatorul sau echipamentul tehnic utilizat pentru navigarea pe aceast\u0103 pagin\u0103 de internet este folosit de mai multe persoane, poate fi luat\u0103 \u00een considerare setarea pentru \u0219tergerea datelor individuale de navigare de fiecare dat\u0103 c\u00e2nd browserul este \u00eenchis.<\/p>\n<h5><span style=\"font-size: 12pt;\">8. Cum pot fi oprite cookie-urile?<\/span><\/h5>\n<p>Dezactivarea \u0219i refuzul de a primi cookie-uri pot face aceast\u0103 pagin\u0103 de internet dificil de vizitat, atr\u0103g\u00e2nd dup\u0103 sine limit\u0103ri ale posibilit\u0103\u021bilor de utilizare ale acesteia.<br \/>\nUtilizatorii \u00ee\u0219i pot configura browserul s\u0103 resping\u0103 fi\u0219ierele cookie sau s\u0103 fie acceptate cookie-uri de la o pagin\u0103 de internet anume.<br \/>\nToate browserele moderne ofer\u0103 posibilitatea de a schimba set\u0103rile cookie-urilor. Aceste set\u0103ri pot fi accesate, ca regul\u0103, \u00een sec\u021biunea \u201eop\u021biuni\u201d sau \u00een meniul de \u201epreferin\u021be\u201d al browserului t\u0103u.<br \/>\nTotu\u0219i, refuzarea sau dezactivarea cookie-urilor nu \u00eenseamn\u0103 c\u0103 nu ve\u021bi mai primi publicitate online \u2013 ci doar c\u0103 aceasta nu va fi adaptat\u0103 preferin\u021belor \u0219i intereselor dumneavoastr\u0103, eviden\u021biate prin comportamentul de navigare.<\/p>\n<p>Pentru a \u00een\u021belege aceste set\u0103ri, urm\u0103toarele linkuri pot fi folositoare:<\/p>\n<p><a href=\"https:\/\/support.microsoft.com\/en-us\/help\/17442\/windows-internet-explorer-delete-manage-cookies#ie=ie-11\" target=\"_blank\" rel=\"noopener noreferrer\">Cookie settings in Internet Explorer<\/a><br \/>\n<a href=\"https:\/\/support.mozilla.org\/en-US\/kb\/enable-and-disable-cookies-website-preferences\" target=\"_blank\" rel=\"noopener noreferrer\">Cookie settings in Firefox<\/a><br \/>\n<a href=\"https:\/\/support.google.com\/chrome\/answer\/95647\" target=\"_blank\" rel=\"noopener noreferrer\">Cookie settings in Chrome<\/a><br \/>\n<a href=\"https:\/\/support.apple.com\/guide\/safari\/manage-cookies-and-website-data-sfri11471\/mac\" target=\"_blank\" rel=\"noopener noreferrer\">Cookie settings in Safari<\/a><br \/>\n<a href=\"https:\/\/help.opera.com\/en\/latest\/web-preferences\/#cookies\" target=\"_blank\" rel=\"noopener noreferrer\">Cookies settings in Opera<\/a><\/p>\n<h5><span style=\"font-size: 12pt;\">9. Informa\u021bii suplimentare<\/span><\/h5>\n<p>Pentru orice \u00eentreb\u0103ri suplimentare cu privire la politica de folosire a cookie-urilor, precum \u0219i la modul \u00een care acestea sunt utilizate prin intermediul acestei pagini de internet, ne pute\u021bi contacta folosind <a href=\"https:\/\/www.carucmresita.ro\/index.php\/date-de-contact\/\">datele de contact de pe acest site.<\/a><\/p>\n","protected":false},"excerpt":{"rendered":"<p>1. Introducere Prezenta Politic\u0103 de folosire a cookie-urilor privind fi\u0219ierele de tip cookie se aplic\u0103 tuturor utilizatorilor site-ului www.carucmresita.ro. Informa\u021biile prezentate \u00een continuare au ca scop informarea utilizatorilor acestui website cu privire la plasarea, utilizarea \u0219i administrarea cookie-urilor de c\u0103tre CAR UCMR Resita \u00een contextul navig\u0103rii utilizatorilor pe paginile site-ului de internet. 2. Ce sunt &hellip;<br \/><a href=\"https:\/\/www.carucmresita.ro\/index.php\/politica-de-folosire-a-cookie-urilor\/\" class=\"more-link pen_button pen_element_default pen_icon_arrow_double\">Continu\u0103 lectura <span class=\"screen-reader-text\">Politica de folosire a cookie-urilor<\/span><\/a><\/p>\n","protected":false},"author":1,"featured_media":0,"parent":0,"menu_order":0,"comment_status":"closed","ping_status":"closed","template":"","meta":{"footnotes":""},"class_list":["post-79","page","type-page","status-publish","hentry"],"_links":{"self":[{"href":"https:\/\/www.carucmresita.ro\/index.php\/wp-json\/wp\/v2\/pages\/79","targetHints":{"allow":["GET"]}}],"collection":[{"href":"https:\/\/www.carucmresita.ro\/index.php\/wp-json\/wp\/v2\/pages"}],"about":[{"href":"https:\/\/www.carucmresita.ro\/index.php\/wp-json\/wp\/v2\/types\/page"}],"author":[{"embeddable":true,"href":"https:\/\/www.carucmresita.ro\/index.php\/wp-json\/wp\/v2\/users\/1"}],"replies":[{"embeddable":true,"href":"https:\/\/www.carucmresita.ro\/index.php\/wp-json\/wp\/v2\/comments?post=79"}],"version-history":[{"count":2,"href":"https:\/\/www.carucmresita.ro\/index.php\/wp-json\/wp\/v2\/pages\/79\/revisions"}],"predecessor-version":[{"id":409,"href":"https:\/\/www.carucmresita.ro\/index.php\/wp-json\/wp\/v2\/pages\/79\/revisions\/409"}],"wp:attachment":[{"href":"https:\/\/www.carucmresita.ro\/index.php\/wp-json\/wp\/v2\/media?parent=79"}],"curies":[{"name":"wp","href":"https:\/\/api.w.org\/{rel}","templated":true}]}}